{"id":3,"date":"2023-02-13T22:18:24","date_gmt":"2023-02-13T21:18:24","guid":{"rendered":"https:\/\/ekstremalnatuchola.pl\/?page_id=3"},"modified":"2024-02-09T10:54:29","modified_gmt":"2024-02-09T09:54:29","slug":"polityka-prywatnosci","status":"publish","type":"page","link":"https:\/\/ekstremalnatuchola.pl\/index.php\/polityka-prywatnosci\/","title":{"rendered":"Polityka prywatno\u015bci &#038; RODO"},"content":{"rendered":"\n<h2 class=\"wp-block-heading\">Podstawowe informacje<\/h2>\n\n\n\n<ol class=\"wp-block-list\">\n<li>Ochrona danych odbywa si\u0119 zgodnie z wymogami powszechnie obowi\u0105zuj\u0105cych przepis\u00f3w prawa, a ich przechowywanie ma miejsce na zabezpieczonych serwerach.<\/li>\n\n\n\n<li>Dla interpretacji termin\u00f3w stosuje si\u0119 s\u0142owniczek opisany w Polityce Prywatno\u015bci (je\u017celi wynika to bezpo\u015brednio z opisu).<\/li>\n\n\n\n<li>Termin \u201eRODO\u201d oznacza Rozporz\u0105dzenie Parlamentu Europejskiego i Rady (UE) 2016\/679 z dnia 27 kwietnia 2016 r. w sprawie ochrony os\u00f3b fizycznych w zwi\u0105zku z przetwarzaniem danych osobowych i w sprawie swobodnego przep\u0142ywu takich danych oraz uchylenia dyrektywy 95\/46\/WE.<\/li>\n\n\n\n<li>Dane osobowe podawane w formularzach dost\u0119pnych na stronie s\u0105 traktowane jako poufne i nie s\u0105 widoczne dla os\u00f3b nieuprawnionych.<\/li>\n<\/ol>\n\n\n\n<p>Zgodnie z art. 13 ust 1 i ust 2 og\u00f3lnego rozporz\u0105dzenia o ochronie danych osobowych z dnia 27 kwietnia 2016r. informuj\u0119 si\u0119, i\u017c:<\/p>\n\n\n\n<ol class=\"wp-block-list\" style=\"list-style-type:1\">\n<li>Administratorem Pani\/Pana danych osobowych jest Parafia Rzymskokatolicka pw. Bo\u017cego Cia\u0142a w Tucholi ul. \u015awiecka 24, 89-500 Tuchola, zwana dalej administratorem danych; email: bozecialo @ tuchola.pl (bez spacji); tel.: 52 336 38 21.<\/li>\n\n\n\n<li>Wszystkie dane przetwarzane s\u0105 wy\u0142\u0105cznie w celu organizacji i promocji wydarzenia jakim jest Tucholska Ekstremalna Droga Krzy\u017cowa.<\/li>\n\n\n\n<li>Kontakt do Inspektora Ochrony Danych Osobowych jest- email&nbsp;bozecialo @ tuchola.pl (bez spacji)<\/li>\n\n\n\n<li>Pani\/Pana dane osobowe przetwarzane b\u0119d\u0105 w celu realizacji ci\u0105\u017c\u0105cych na administratorze obowi\u0105zk\u00f3w prawnych, na podstawie art. 6 ust. 1 lit. c RODO, a w zakresie w jakim podanie danych osobowych jest dobrowolne (np. upublicznianie wizerunku) \u2013 na podstawie wyra\u017conej przez Pa\u0144stwa zgody (art. 6 ust. 1 lit. a RODO).<\/li>\n\n\n\n<li>Odbiorcami Pani\/Pana danych mog\u0105 by\u0107 podmioty uprawnione na podstawie przepis\u00f3w prawa lub umowy powierzenia przetwarzania danych.<\/li>\n\n\n\n<li>Podane przez Pani\u0105\/Pana dane osobowe nie b\u0119d\u0105 przekazywane do pa\u0144stwa trzeciego.<\/li>\n\n\n\n<li>Administrator, mo\u017ce przekaza\u0107 dane osobowe upowa\u017cnionym podmiotom tylko na podstawie i w granicach przepis\u00f3w prawa.<\/li>\n\n\n\n<li>Posiada Pani\/Pan prawo dost\u0119pu do tre\u015bci swoich danych oraz prawo ich sprostowania, usuni\u0119cia, ograniczenia przetwarzania, prawo do przenoszenia danych, prawo wniesienia sprzeciwu, prawo do cofni\u0119cia zgody w dowolnym momencie bez wp\u0142ywu na zgodno\u015b\u0107 z prawem przetwarzania, kt\u00f3rego dokonano na podstawie zgody przed jej cofni\u0119ciem.<\/li>\n\n\n\n<li>Posiada Pan\/Pani prawo wniesienia skargi do organu nadzorczego, gdy uzna Pani\/Pan, i\u017c przetwarzanie danych osobowych Pani\/Pana dotycz\u0105cych narusza przepisy og\u00f3lnego rozporz\u0105dzenia o ochronie danych osobowych z dnia 27 kwietnia 2016 r.<\/li>\n\n\n\n<li>Pani\/Pana dane nie b\u0119d\u0105 przetwarzane w spos\u00f3b umo\u017cliwiaj\u0105cy zautomatyzowane podejmowanie decyzji w tym r\u00f3wnie\u017c w formie profilowania.<\/li>\n<\/ol>\n","protected":false},"excerpt":{"rendered":"<p>Podstawowe informacje Zgodnie z art. 13 ust 1 i ust 2 og\u00f3lnego rozporz\u0105dzenia o ochronie danych osobowych z dnia 27 kwietnia 2016r. informuj\u0119 si\u0119, i\u017c:<\/p>\n","protected":false},"author":1,"featured_media":0,"parent":0,"menu_order":0,"comment_status":"closed","ping_status":"open","template":"","meta":{"footnotes":""},"class_list":["post-3","page","type-page","status-publish","hentry"],"jetpack_sharing_enabled":true,"_links":{"self":[{"href":"https:\/\/ekstremalnatuchola.pl\/index.php\/wp-json\/wp\/v2\/pages\/3","targetHints":{"allow":["GET"]}}],"collection":[{"href":"https:\/\/ekstremalnatuchola.pl\/index.php\/wp-json\/wp\/v2\/pages"}],"about":[{"href":"https:\/\/ekstremalnatuchola.pl\/index.php\/wp-json\/wp\/v2\/types\/page"}],"author":[{"embeddable":true,"href":"https:\/\/ekstremalnatuchola.pl\/index.php\/wp-json\/wp\/v2\/users\/1"}],"replies":[{"embeddable":true,"href":"https:\/\/ekstremalnatuchola.pl\/index.php\/wp-json\/wp\/v2\/comments?post=3"}],"version-history":[{"count":3,"href":"https:\/\/ekstremalnatuchola.pl\/index.php\/wp-json\/wp\/v2\/pages\/3\/revisions"}],"predecessor-version":[{"id":499,"href":"https:\/\/ekstremalnatuchola.pl\/index.php\/wp-json\/wp\/v2\/pages\/3\/revisions\/499"}],"wp:attachment":[{"href":"https:\/\/ekstremalnatuchola.pl\/index.php\/wp-json\/wp\/v2\/media?parent=3"}],"curies":[{"name":"wp","href":"https:\/\/api.w.org\/{rel}","templated":true}]}}